{"id":73,"date":"2023-02-13T13:13:34","date_gmt":"2023-02-13T12:13:34","guid":{"rendered":"http:\/\/dpssetg.com\/?page_id=73"},"modified":"2023-10-08T21:33:04","modified_gmt":"2023-10-08T21:33:04","slug":"organigramme","status":"publish","type":"page","link":"https:\/\/planifeducation.gouv.tg\/dpsse\/organigramme\/","title":{"rendered":"Organisation et fonctionnement"},"content":{"rendered":"\t\t<div data-elementor-type=\"wp-page\" data-elementor-id=\"73\" class=\"elementor elementor-73\">\n\t\t\t\t\t\t<section class=\"elementor-section elementor-top-section elementor-element elementor-element-f52177f elementor-section-boxed elementor-section-height-default elementor-section-height-default\" data-id=\"f52177f\" data-element_type=\"section\" data-e-type=\"section\">\n\t\t\t\t\t\t<div class=\"elementor-container elementor-column-gap-default\">\n\t\t\t\t\t<div class=\"elementor-column elementor-col-100 elementor-top-column elementor-element elementor-element-9f591f0\" data-id=\"9f591f0\" data-element_type=\"column\" data-e-type=\"column\">\n\t\t\t<div class=\"elementor-widget-wrap elementor-element-populated\">\n\t\t\t\t\t\t<div class=\"elementor-element elementor-element-6015c41 elementor-widget elementor-widget-elementskit-heading\" data-id=\"6015c41\" data-element_type=\"widget\" data-e-type=\"widget\" data-widget_type=\"elementskit-heading.default\">\n\t\t\t\t<div class=\"elementor-widget-container\">\n\t\t\t\t\t<div class=\"ekit-wid-con\" ><div class=\"ekit-heading elementskit-section-title-wraper text_left   ekit_heading_tablet-   ekit_heading_mobile-\"><h3 class=\"ekit-heading--title elementskit-section-title  ekit-heading__title-has-border start\">Organisation<\/h3><\/div><\/div>\t\t\t\t<\/div>\n\t\t\t\t<\/div>\n\t\t\t\t\t<\/div>\n\t\t<\/div>\n\t\t\t\t\t<\/div>\n\t\t<\/section>\n\t\t\t\t<section class=\"elementor-section elementor-top-section elementor-element elementor-element-48e8397 elementor-section-boxed elementor-section-height-default elementor-section-height-default\" data-id=\"48e8397\" data-element_type=\"section\" data-e-type=\"section\">\n\t\t\t\t\t\t<div class=\"elementor-container elementor-column-gap-default\">\n\t\t\t\t\t<div class=\"elementor-column elementor-col-100 elementor-top-column elementor-element elementor-element-c230f13\" data-id=\"c230f13\" data-element_type=\"column\" data-e-type=\"column\">\n\t\t\t<div class=\"elementor-widget-wrap elementor-element-populated\">\n\t\t\t\t\t\t<div class=\"elementor-element elementor-element-5e931b0 elementor-widget elementor-widget-text-editor\" data-id=\"5e931b0\" data-element_type=\"widget\" data-e-type=\"widget\" data-widget_type=\"text-editor.default\">\n\t\t\t\t<div class=\"elementor-widget-container\">\n\t\t\t\t\t\t\t\t\t<p>La direction de la planification, des statistiques et du suivi-\u00e9valuation comprend<\/p><p>quatre (4) divisions :<\/p><ol><li>la division de la planification et de la coordination des projets\/programmes;<\/li><li>la division des statistiques ;<\/li><li>la division du suivi-\u00e9valuation ;<\/li><li>la division des constructions, des \u00e9quipements scolaires, du d\u00e9veloppement communautaire et de l&rsquo;environnement.<\/li><\/ol>\t\t\t\t\t\t\t\t<\/div>\n\t\t\t\t<\/div>\n\t\t\t\t\t<\/div>\n\t\t<\/div>\n\t\t\t\t\t<\/div>\n\t\t<\/section>\n\t\t\t\t<section class=\"elementor-section elementor-top-section elementor-element elementor-element-768d788 elementor-section-boxed elementor-section-height-default elementor-section-height-default\" data-id=\"768d788\" data-element_type=\"section\" data-e-type=\"section\">\n\t\t\t\t\t\t<div class=\"elementor-container elementor-column-gap-default\">\n\t\t\t\t\t<div class=\"elementor-column elementor-col-100 elementor-top-column elementor-element elementor-element-734747e\" data-id=\"734747e\" data-element_type=\"column\" data-e-type=\"column\">\n\t\t\t<div class=\"elementor-widget-wrap elementor-element-populated\">\n\t\t\t\t\t\t<div class=\"elementor-element elementor-element-4529901 elementor-widget elementor-widget-elementskit-heading\" data-id=\"4529901\" data-element_type=\"widget\" data-e-type=\"widget\" data-widget_type=\"elementskit-heading.default\">\n\t\t\t\t<div class=\"elementor-widget-container\">\n\t\t\t\t\t<div class=\"ekit-wid-con\" ><div class=\"ekit-heading elementskit-section-title-wraper text_left   ekit_heading_tablet-   ekit_heading_mobile-\"><h3 class=\"ekit-heading--title elementskit-section-title  ekit-heading__title-has-border start\">Fonctionnement<\/h3><\/div><\/div>\t\t\t\t<\/div>\n\t\t\t\t<\/div>\n\t\t\t\t<div class=\"elementor-element elementor-element-069795c elementor-widget elementor-widget-text-editor\" data-id=\"069795c\" data-element_type=\"widget\" data-e-type=\"widget\" data-widget_type=\"text-editor.default\">\n\t\t\t\t<div class=\"elementor-widget-container\">\n\t\t\t\t\t\t\t\t\t<p>Les divisions et les sections de la direction de la planification, des statistiques et du suivi-\u00e9valuation sont plac\u00e9es respectivement sous la responsabilit\u00e9 des chefs de division et des chefs de section nomm\u00e9s par arr\u00eat\u00e9 du ministre. Les chefs de division et de section coordonnent les activit\u00e9s relevant de leurs comp\u00e9tences. La direction de la planification, des statistiques et du suivi-\u00e9valuation dispose des sections ci-apr\u00e8s directement rattach\u00e9es au directeur :<\/p><p>&#8211; la section de la comptabilit\u00e9 ;<\/p><p>&#8211; la section de la gestion des courriers ;<\/p><p>&#8211; la section du secr\u00e9tariat particulier.<\/p>\t\t\t\t\t\t\t\t<\/div>\n\t\t\t\t<\/div>\n\t\t\t\t\t<\/div>\n\t\t<\/div>\n\t\t\t\t\t<\/div>\n\t\t<\/section>\n\t\t\t\t<\/div>\n\t\t","protected":false},"excerpt":{"rendered":"<p>Organisation La direction de la planification, des statistiques et du suivi-\u00e9valuation comprend quatre (4) divisions : la division de la planification et de la coordination des projets\/programmes; la division des statistiques ; la division du suivi-\u00e9valuation ; la division des constructions, des \u00e9quipements scolaires, du d\u00e9veloppement communautaire et de l&rsquo;environnement. Fonctionnement Les divisions et les [&hellip;]<\/p>\n","protected":false},"author":1,"featured_media":0,"parent":0,"menu_order":0,"comment_status":"closed","ping_status":"closed","template":"","meta":{"_eb_attr":"","footnotes":""},"class_list":["post-73","page","type-page","status-publish","hentry"],"_links":{"self":[{"href":"https:\/\/planifeducation.gouv.tg\/dpsse\/wp-json\/wp\/v2\/pages\/73","targetHints":{"allow":["GET"]}}],"collection":[{"href":"https:\/\/planifeducation.gouv.tg\/dpsse\/wp-json\/wp\/v2\/pages"}],"about":[{"href":"https:\/\/planifeducation.gouv.tg\/dpsse\/wp-json\/wp\/v2\/types\/page"}],"author":[{"embeddable":true,"href":"https:\/\/planifeducation.gouv.tg\/dpsse\/wp-json\/wp\/v2\/users\/1"}],"replies":[{"embeddable":true,"href":"https:\/\/planifeducation.gouv.tg\/dpsse\/wp-json\/wp\/v2\/comments?post=73"}],"version-history":[{"count":93,"href":"https:\/\/planifeducation.gouv.tg\/dpsse\/wp-json\/wp\/v2\/pages\/73\/revisions"}],"predecessor-version":[{"id":2103,"href":"https:\/\/planifeducation.gouv.tg\/dpsse\/wp-json\/wp\/v2\/pages\/73\/revisions\/2103"}],"wp:attachment":[{"href":"https:\/\/planifeducation.gouv.tg\/dpsse\/wp-json\/wp\/v2\/media?parent=73"}],"curies":[{"name":"wp","href":"https:\/\/api.w.org\/{rel}","templated":true}]}}