{"id":70,"date":"2023-02-13T13:11:46","date_gmt":"2023-02-13T12:11:46","guid":{"rendered":"http:\/\/dpssetg.com\/?page_id=70"},"modified":"2025-11-10T09:26:11","modified_gmt":"2025-11-10T09:26:11","slug":"mot-de-bienvenue","status":"publish","type":"page","link":"https:\/\/planifeducation.gouv.tg\/dpsse\/mot-de-bienvenue\/","title":{"rendered":"Mot de bienvenue"},"content":{"rendered":"\t\t<div data-elementor-type=\"wp-page\" data-elementor-id=\"70\" class=\"elementor elementor-70\">\n\t\t\t\t\t\t<section class=\"elementor-section elementor-top-section elementor-element elementor-element-6bb95cab elementor-section-boxed elementor-section-height-default elementor-section-height-default\" data-id=\"6bb95cab\" data-element_type=\"section\" data-e-type=\"section\" id=\"xs_testi_2\" data-settings=\"{&quot;background_background&quot;:&quot;classic&quot;}\">\n\t\t\t\t\t\t<div class=\"elementor-container elementor-column-gap-default\">\n\t\t\t\t\t<div class=\"elementor-column elementor-col-100 elementor-top-column elementor-element elementor-element-346275af\" data-id=\"346275af\" data-element_type=\"column\" data-e-type=\"column\">\n\t\t\t<div class=\"elementor-widget-wrap elementor-element-populated\">\n\t\t\t\t\t\t<section class=\"elementor-section elementor-inner-section elementor-element elementor-element-39e99907 elementor-section-boxed elementor-section-height-default elementor-section-height-default\" data-id=\"39e99907\" data-element_type=\"section\" data-e-type=\"section\">\n\t\t\t\t\t\t<div class=\"elementor-container elementor-column-gap-default\">\n\t\t\t\t\t<div class=\"elementor-column elementor-col-100 elementor-inner-column elementor-element elementor-element-4b9f654a\" data-id=\"4b9f654a\" data-element_type=\"column\" data-e-type=\"column\">\n\t\t\t<div class=\"elementor-widget-wrap elementor-element-populated\">\n\t\t\t\t\t\t<div class=\"elementor-element elementor-element-164b473 elementor-widget elementor-widget-elementskit-heading\" data-id=\"164b473\" data-element_type=\"widget\" data-e-type=\"widget\" data-widget_type=\"elementskit-heading.default\">\n\t\t\t\t<div class=\"elementor-widget-container\">\n\t\t\t\t\t<div class=\"ekit-wid-con\" ><div class=\"ekit-heading elementskit-section-title-wraper text_center   ekit_heading_tablet-   ekit_heading_mobile-\"><h3 class=\"ekit-heading--title elementskit-section-title \">Mot du Directeur de la Direction de la planification, des Statistiques et du Suivi-Evaluation (DPSSE)<\/h3><div class=\"ekit_heading_separetor_wraper ekit_heading_elementskit-border-divider\"><div class=\"elementskit-border-divider\"><\/div><\/div><\/div><\/div>\t\t\t\t<\/div>\n\t\t\t\t<\/div>\n\t\t\t\t\t<\/div>\n\t\t<\/div>\n\t\t\t\t\t<\/div>\n\t\t<\/section>\n\t\t\t\t\t<\/div>\n\t\t<\/div>\n\t\t\t\t\t<\/div>\n\t\t<\/section>\n\t\t\t\t<section class=\"elementor-section elementor-top-section elementor-element elementor-element-cd67de1 elementor-section-boxed elementor-section-height-default elementor-section-height-default\" data-id=\"cd67de1\" data-element_type=\"section\" data-e-type=\"section\">\n\t\t\t\t\t\t<div class=\"elementor-container elementor-column-gap-default\">\n\t\t\t\t\t<div class=\"elementor-column elementor-col-66 elementor-top-column elementor-element elementor-element-1c23643\" data-id=\"1c23643\" data-element_type=\"column\" data-e-type=\"column\">\n\t\t\t<div class=\"elementor-widget-wrap elementor-element-populated\">\n\t\t\t\t\t\t<div class=\"elementor-element elementor-element-747b111 elementor-widget elementor-widget-text-editor\" data-id=\"747b111\" data-element_type=\"widget\" data-e-type=\"widget\" data-widget_type=\"text-editor.default\">\n\t\t\t\t<div class=\"elementor-widget-container\">\n\t\t\t\t\t\t\t\t\t<p>Les donn\u00e9es sont au c\u0153ur du pilotage et de la gestion des syst\u00e8mes d\u2019\u00e9ducation et de formation. Elles renseignent sur l\u2019\u00e9tat d\u2019un syst\u00e8me \u00e9ducatif ou son \u00e9volution dans le temps. C\u2019est donc sur la base des indicateurs calcul\u00e9s \u00e0 partir des donn\u00e9es collect\u00e9es que ce diagnostic peut \u00eatre fait.<\/p><p>Ainsi, la production des statistiques fiables est indispensable pour suivre et \u00e9valuer efficacement des programmes, politiques et agendas d\u2019une part, mettre en relief les avanc\u00e9es r\u00e9alis\u00e9es et les nouveaux d\u00e9fis qui restent \u00e0 relever d\u2019autre part. Il ne saurait y avoir de choix \u00e9clair\u00e9s, pertinents et soutenables sans donn\u00e9es fiables et de qualit\u00e9.<\/p><p>Le MEN, \u00e0 travers la Direction de la planification, des statistiques et du suivi-\u00e9valuation (DPSSE), produit chaque ann\u00e9e des statistiques scolaires via un Recensement scolaire annuel (RSA) pour alimenter le Syst\u00e8me d\u2019information pour la gestion de l\u2019\u00e9ducation (SIGE).<\/p><p>Elle produit in fine, des outils de pilotage notamment l\u2019annuaire national des statistiques scolaires, le tableau des bords des indicateurs, le rapport d\u2019analyse des indicateurs, les tableaux de bord des \u00e9coles et le tableau de bord simplifi\u00e9 et illustr\u00e9.<br \/>Une chose est de produire les donn\u00e9es, une autre est de les diffuser et de les publier, auquel cas elles ne serviront \u00e0 rien.<\/p><p>La DPSSE publie ces donn\u00e9es \u00e0 travers l\u2019organisation d\u2019un atelier national de pr\u00e9sentation des statistiques scolaires et diss\u00e9mine les outils de pilotage aux services administratifs et aux partenaires sous formats papiers (les imprim\u00e9s) et sous format num\u00e9rique (fichiers pdf).<\/p>\t\t\t\t\t\t\t\t<\/div>\n\t\t\t\t<\/div>\n\t\t\t\t\t<\/div>\n\t\t<\/div>\n\t\t\t\t<div class=\"elementor-column elementor-col-33 elementor-top-column elementor-element elementor-element-d57c50f\" data-id=\"d57c50f\" data-element_type=\"column\" data-e-type=\"column\">\n\t\t\t<div class=\"elementor-widget-wrap elementor-element-populated\">\n\t\t\t\t\t\t<div class=\"elementor-element elementor-element-0637244 elementor-widget elementor-widget-image\" data-id=\"0637244\" data-element_type=\"widget\" data-e-type=\"widget\" data-widget_type=\"image.default\">\n\t\t\t\t<div class=\"elementor-widget-container\">\n\t\t\t\t\t\t\t\t\t\t\t\t\t\t\t<img fetchpriority=\"high\" decoding=\"async\" width=\"399\" height=\"430\" src=\"https:\/\/planifeducation.gouv.tg\/wp-content\/uploads\/2023\/08\/photoDGe.png\" class=\"attachment-large size-large wp-image-1699\" alt=\"\" srcset=\"https:\/\/planifeducation.gouv.tg\/wp-content\/uploads\/2023\/08\/photoDGe.png 399w, https:\/\/planifeducation.gouv.tg\/wp-content\/uploads\/2023\/08\/photoDGe-278x300.png 278w\" sizes=\"(max-width: 399px) 100vw, 399px\" \/>\t\t\t\t\t\t\t\t\t\t\t\t\t\t\t<\/div>\n\t\t\t\t<\/div>\n\t\t\t\t<div class=\"elementor-element elementor-element-e2d68c5 elementor-widget elementor-widget-heading\" data-id=\"e2d68c5\" data-element_type=\"widget\" data-e-type=\"widget\" data-widget_type=\"heading.default\">\n\t\t\t\t<div class=\"elementor-widget-container\">\n\t\t\t\t\t<h2 class=\"elementor-heading-title elementor-size-default\">TSALI Kossi Kpom\u00e9gni<\/h2>\t\t\t\t<\/div>\n\t\t\t\t<\/div>\n\t\t\t\t<div class=\"elementor-element elementor-element-d4f304e elementor-widget elementor-widget-text-editor\" data-id=\"d4f304e\" data-element_type=\"widget\" data-e-type=\"widget\" data-widget_type=\"text-editor.default\">\n\t\t\t\t<div class=\"elementor-widget-container\">\n\t\t\t\t\t\t\t\t\t<p>Actuel directeur de la DPSSE (Direction de la planification, <br \/>des statistiques et du suivi-\u00e9valuation)<\/p>\t\t\t\t\t\t\t\t<\/div>\n\t\t\t\t<\/div>\n\t\t\t\t\t<\/div>\n\t\t<\/div>\n\t\t\t\t\t<\/div>\n\t\t<\/section>\n\t\t\t\t<section class=\"elementor-section elementor-top-section elementor-element elementor-element-96b8aa2 elementor-section-boxed elementor-section-height-default elementor-section-height-default\" data-id=\"96b8aa2\" data-element_type=\"section\" data-e-type=\"section\">\n\t\t\t\t\t\t<div class=\"elementor-container elementor-column-gap-default\">\n\t\t\t\t\t<div class=\"elementor-column elementor-col-100 elementor-top-column elementor-element elementor-element-dbfdd3a\" data-id=\"dbfdd3a\" data-element_type=\"column\" data-e-type=\"column\">\n\t\t\t<div class=\"elementor-widget-wrap elementor-element-populated\">\n\t\t\t\t\t\t<div class=\"elementor-element elementor-element-a64f136 elementor-widget elementor-widget-text-editor\" data-id=\"a64f136\" data-element_type=\"widget\" data-e-type=\"widget\" data-widget_type=\"text-editor.default\">\n\t\t\t\t<div class=\"elementor-widget-container\">\n\t\t\t\t\t\t\t\t\t<p>De nos jours, les Technologies de l\u2019information et de la communication en \u00e9ducation (TICE) sont au centre du d\u00e9veloppement des syst\u00e8mes \u00e9ducatifs et le MEN doit suivre le rythme de celles-ci.<\/p>\n<p>C\u2019est dans cette perspective et dans le but d\u2019atteindre un plus grand nombre d\u2019utilisateurs et surtout rendre l\u2019acc\u00e8s facile aux donn\u00e9es \u00e0 ces derniers que le minist\u00e8re avec l\u2019appui de l\u2019UNICEF, entend concevoir un site internet pour la diffusion des donn\u00e9es statistiques qu\u2019elle produit<\/p>\t\t\t\t\t\t\t\t<\/div>\n\t\t\t\t<\/div>\n\t\t\t\t\t<\/div>\n\t\t<\/div>\n\t\t\t\t\t<\/div>\n\t\t<\/section>\n\t\t\t\t<\/div>\n\t\t","protected":false},"excerpt":{"rendered":"<p>Mot du Directeur de la Direction de la planification, des Statistiques et du Suivi-Evaluation (DPSSE) Les donn\u00e9es sont au c\u0153ur du pilotage et de la gestion des syst\u00e8mes d\u2019\u00e9ducation et de formation. Elles renseignent sur l\u2019\u00e9tat d\u2019un syst\u00e8me \u00e9ducatif ou son \u00e9volution dans le temps. C\u2019est donc sur la base des indicateurs calcul\u00e9s \u00e0 partir [&hellip;]<\/p>\n","protected":false},"author":1,"featured_media":0,"parent":0,"menu_order":0,"comment_status":"closed","ping_status":"closed","template":"","meta":{"_eb_attr":"","footnotes":""},"class_list":["post-70","page","type-page","status-publish","hentry"],"_links":{"self":[{"href":"https:\/\/planifeducation.gouv.tg\/dpsse\/wp-json\/wp\/v2\/pages\/70","targetHints":{"allow":["GET"]}}],"collection":[{"href":"https:\/\/planifeducation.gouv.tg\/dpsse\/wp-json\/wp\/v2\/pages"}],"about":[{"href":"https:\/\/planifeducation.gouv.tg\/dpsse\/wp-json\/wp\/v2\/types\/page"}],"author":[{"embeddable":true,"href":"https:\/\/planifeducation.gouv.tg\/dpsse\/wp-json\/wp\/v2\/users\/1"}],"replies":[{"embeddable":true,"href":"https:\/\/planifeducation.gouv.tg\/dpsse\/wp-json\/wp\/v2\/comments?post=70"}],"version-history":[{"count":94,"href":"https:\/\/planifeducation.gouv.tg\/dpsse\/wp-json\/wp\/v2\/pages\/70\/revisions"}],"predecessor-version":[{"id":3535,"href":"https:\/\/planifeducation.gouv.tg\/dpsse\/wp-json\/wp\/v2\/pages\/70\/revisions\/3535"}],"wp:attachment":[{"href":"https:\/\/planifeducation.gouv.tg\/dpsse\/wp-json\/wp\/v2\/media?parent=70"}],"curies":[{"name":"wp","href":"https:\/\/api.w.org\/{rel}","templated":true}]}}