{"id":2272,"date":"2025-10-02T08:59:24","date_gmt":"2025-10-02T08:59:24","guid":{"rendered":"https:\/\/planifeducation.gouv.tg\/dpsse\/?page_id=2272"},"modified":"2026-02-16T13:28:14","modified_gmt":"2026-02-16T13:28:14","slug":"mots-de-bienvenue","status":"publish","type":"page","link":"https:\/\/planifeducation.gouv.tg\/dpsse\/mots-de-bienvenue\/","title":{"rendered":"Mot du Directeur"},"content":{"rendered":"\t\t<div data-elementor-type=\"wp-page\" data-elementor-id=\"2272\" class=\"elementor elementor-2272\">\n\t\t\t\t\t\t<section class=\"elementor-section elementor-top-section elementor-element elementor-element-7160490 elementor-section-boxed elementor-section-height-default elementor-section-height-default\" data-id=\"7160490\" data-element_type=\"section\" data-e-type=\"section\">\n\t\t\t\t\t\t<div class=\"elementor-container elementor-column-gap-default\">\n\t\t\t\t\t<div class=\"elementor-column elementor-col-100 elementor-top-column elementor-element elementor-element-c2f0ce9\" data-id=\"c2f0ce9\" data-element_type=\"column\" data-e-type=\"column\">\n\t\t\t<div class=\"elementor-widget-wrap elementor-element-populated\">\n\t\t\t\t\t\t<div class=\"elementor-element elementor-element-ff62959 elementor-widget elementor-widget-heading\" data-id=\"ff62959\" data-element_type=\"widget\" data-e-type=\"widget\" data-widget_type=\"heading.default\">\n\t\t\t\t<div class=\"elementor-widget-container\">\n\t\t\t\t\t<h2 class=\"elementor-heading-title elementor-size-default\">Mot du Directeur de la Direction de la planification, des Statistiques et du Suivi-Evaluation (DPSSE)<\/h2>\t\t\t\t<\/div>\n\t\t\t\t<\/div>\n\t\t\t\t\t<\/div>\n\t\t<\/div>\n\t\t\t\t\t<\/div>\n\t\t<\/section>\n\t\t\t\t<section class=\"elementor-section elementor-top-section elementor-element elementor-element-585ad9a elementor-section-boxed elementor-section-height-default elementor-section-height-default\" data-id=\"585ad9a\" data-element_type=\"section\" data-e-type=\"section\" data-settings=\"{&quot;background_background&quot;:&quot;classic&quot;}\">\n\t\t\t\t\t\t<div class=\"elementor-container elementor-column-gap-default\">\n\t\t\t\t\t<div class=\"elementor-column elementor-col-100 elementor-top-column elementor-element elementor-element-87e58cc\" data-id=\"87e58cc\" data-element_type=\"column\" data-e-type=\"column\">\n\t\t\t<div class=\"elementor-widget-wrap elementor-element-populated\">\n\t\t\t\t\t\t<section class=\"elementor-section elementor-inner-section elementor-element elementor-element-d906bbf elementor-section-boxed elementor-section-height-default elementor-section-height-default\" data-id=\"d906bbf\" data-element_type=\"section\" data-e-type=\"section\" data-settings=\"{&quot;background_background&quot;:&quot;classic&quot;}\">\n\t\t\t\t\t\t<div class=\"elementor-container elementor-column-gap-default\">\n\t\t\t\t\t<div class=\"elementor-column elementor-col-100 elementor-inner-column elementor-element elementor-element-65bece8\" data-id=\"65bece8\" data-element_type=\"column\" data-e-type=\"column\">\n\t\t\t<div class=\"elementor-widget-wrap\">\n\t\t\t\t\t\t\t<\/div>\n\t\t<\/div>\n\t\t\t\t\t<\/div>\n\t\t<\/section>\n\t\t\t\t\t<\/div>\n\t\t<\/div>\n\t\t\t\t\t<\/div>\n\t\t<\/section>\n\t\t\t\t<section class=\"elementor-section elementor-top-section elementor-element elementor-element-1be4f4c elementor-section-boxed elementor-section-height-default elementor-section-height-default\" data-id=\"1be4f4c\" data-element_type=\"section\" data-e-type=\"section\">\n\t\t\t\t\t\t<div class=\"elementor-container elementor-column-gap-default\">\n\t\t\t\t\t<div class=\"elementor-column elementor-col-100 elementor-top-column elementor-element elementor-element-265306e\" data-id=\"265306e\" data-element_type=\"column\" data-e-type=\"column\">\n\t\t\t<div class=\"elementor-widget-wrap elementor-element-populated\">\n\t\t\t\t\t\t<section class=\"elementor-section elementor-inner-section elementor-element elementor-element-cfd0bf6 elementor-section-boxed elementor-section-height-default elementor-section-height-default\" data-id=\"cfd0bf6\" data-element_type=\"section\" data-e-type=\"section\">\n\t\t\t\t\t\t<div class=\"elementor-container elementor-column-gap-default\">\n\t\t\t\t\t<div class=\"elementor-column elementor-col-50 elementor-inner-column elementor-element elementor-element-04c5846\" data-id=\"04c5846\" data-element_type=\"column\" data-e-type=\"column\">\n\t\t\t<div class=\"elementor-widget-wrap elementor-element-populated\">\n\t\t\t\t\t\t<div class=\"elementor-element elementor-element-3bf955d elementor-widget elementor-widget-text-editor\" data-id=\"3bf955d\" data-element_type=\"widget\" data-e-type=\"widget\" data-widget_type=\"text-editor.default\">\n\t\t\t\t<div class=\"elementor-widget-container\">\n\t\t\t\t\t\t\t\t\t<p>Les donn\u00e9es sont au c\u0153ur du pilotage et de la gestion des syst\u00e8mes d\u2019\u00e9ducation et de formation. Elles renseignent sur l\u2019\u00e9tat d\u2019un syst\u00e8me \u00e9ducatif ou son \u00e9volution dans le temps. C\u2019est donc sur la base des indicateurs calcul\u00e9s \u00e0 partir des donn\u00e9es collect\u00e9es que ce diagnostic peut \u00eatre fait.<\/p><p>Ainsi, la production des statistiques fiables est indispensable pour suivre et \u00e9valuer efficacement des programmes, politiques et agendas d\u2019une part, mettre en relief les avanc\u00e9es r\u00e9alis\u00e9es et les nouveaux d\u00e9fis qui restent \u00e0 relever d\u2019autre part. Il ne saurait y avoir de choix \u00e9clair\u00e9s, pertinents et soutenables sans donn\u00e9es fiables et de qualit\u00e9.<\/p><p>Le Minist\u00e8re de l&rsquo;Education Nationale (MEN), \u00e0 travers la Direction de la planification, des statistiques et du suivi-\u00e9valuation (DPSSE), produit chaque ann\u00e9e des statistiques scolaires via un Recensement scolaire annuel (RSA) pour alimenter le Syst\u00e8me d\u2019information pour la gestion de l\u2019\u00e9ducation (SIGE).<\/p><p>Elle produit in fine, des outils de pilotage notamment l\u2019annuaire national des statistiques scolaires, les tableaux de bord des indicateurs, le rapport d\u2019analyse des indicateurs, les tableaux de bord \u00e9cole ainsi que les tableaux de bord simplifi\u00e9s et illustr\u00e9s.<br \/>Une chose est de produire les donn\u00e9es, une autre est de les diffuser et de les publier, auquel cas elles ne serviront \u00e0 rien.<\/p><p>La DPSSE publie ces donn\u00e9es \u00e0 travers l\u2019organisation d\u2019un atelier national de pr\u00e9sentation des statistiques scolaires et diss\u00e9mine les outils de pilotage aux services administratifs et aux partenaires sous formats papiers (les imprim\u00e9s) et sous format num\u00e9rique (fichiers pdf).<\/p><p>De nos jours, les Technologies de l\u2019information et de la communication pour l&rsquo;\u00e9ducation (TICE) sont au centre du d\u00e9veloppement des syst\u00e8mes \u00e9ducatifs et le Minist\u00e8re de l&rsquo;Education Nationale (MEN) doit suivre le rythme de celles-ci.<\/p><p>C\u2019est dans cette perspective et dans le but d\u2019atteindre un plus grand nombre d\u2019utilisateurs et surtout rendre l\u2019acc\u00e8s facile aux donn\u00e9es \u00e0 ces derniers que le minist\u00e8re avec l\u2019appui de l\u2019UNICEF, entend concevoir un site internet pour la diffusion des donn\u00e9es statistiques qu\u2019elle produit.<\/p>\t\t\t\t\t\t\t\t<\/div>\n\t\t\t\t<\/div>\n\t\t\t\t\t<\/div>\n\t\t<\/div>\n\t\t\t\t<div class=\"elementor-column elementor-col-50 elementor-inner-column elementor-element elementor-element-1d4bdae\" data-id=\"1d4bdae\" data-element_type=\"column\" data-e-type=\"column\">\n\t\t\t<div class=\"elementor-widget-wrap elementor-element-populated\">\n\t\t\t\t\t\t<div class=\"elementor-element elementor-element-0bf5bb3 e-transform e-transform e-transform elementor-invisible elementor-widget elementor-widget-image\" data-id=\"0bf5bb3\" data-element_type=\"widget\" data-e-type=\"widget\" data-settings=\"{&quot;_animation&quot;:&quot;slideInDown&quot;,&quot;_transform_rotateZ_effect&quot;:{&quot;unit&quot;:&quot;px&quot;,&quot;size&quot;:&quot;&quot;,&quot;sizes&quot;:[]},&quot;_transform_rotateZ_effect_tablet&quot;:{&quot;unit&quot;:&quot;deg&quot;,&quot;size&quot;:&quot;&quot;,&quot;sizes&quot;:[]},&quot;_transform_rotateZ_effect_mobile&quot;:{&quot;unit&quot;:&quot;deg&quot;,&quot;size&quot;:&quot;&quot;,&quot;sizes&quot;:[]},&quot;_transform_translateX_effect&quot;:{&quot;unit&quot;:&quot;px&quot;,&quot;size&quot;:&quot;&quot;,&quot;sizes&quot;:[]},&quot;_transform_translateX_effect_tablet&quot;:{&quot;unit&quot;:&quot;px&quot;,&quot;size&quot;:&quot;&quot;,&quot;sizes&quot;:[]},&quot;_transform_translateX_effect_mobile&quot;:{&quot;unit&quot;:&quot;px&quot;,&quot;size&quot;:&quot;&quot;,&quot;sizes&quot;:[]},&quot;_transform_translateY_effect&quot;:{&quot;unit&quot;:&quot;px&quot;,&quot;size&quot;:&quot;&quot;,&quot;sizes&quot;:[]},&quot;_transform_translateY_effect_tablet&quot;:{&quot;unit&quot;:&quot;px&quot;,&quot;size&quot;:&quot;&quot;,&quot;sizes&quot;:[]},&quot;_transform_translateY_effect_mobile&quot;:{&quot;unit&quot;:&quot;px&quot;,&quot;size&quot;:&quot;&quot;,&quot;sizes&quot;:[]},&quot;_transform_scale_effect&quot;:{&quot;unit&quot;:&quot;px&quot;,&quot;size&quot;:&quot;&quot;,&quot;sizes&quot;:[]},&quot;_transform_scale_effect_tablet&quot;:{&quot;unit&quot;:&quot;px&quot;,&quot;size&quot;:&quot;&quot;,&quot;sizes&quot;:[]},&quot;_transform_scale_effect_mobile&quot;:{&quot;unit&quot;:&quot;px&quot;,&quot;size&quot;:&quot;&quot;,&quot;sizes&quot;:[]}}\" data-widget_type=\"image.default\">\n\t\t\t\t<div class=\"elementor-widget-container\">\n\t\t\t\t\t\t\t\t\t\t\t\t\t\t\t<img fetchpriority=\"high\" decoding=\"async\" width=\"241\" height=\"269\" src=\"https:\/\/planifeducation.gouv.tg\/wp-content\/uploads\/2026\/02\/IMG-20251223-WA0025.png\" class=\"elementor-animation-pop attachment-large size-large wp-image-8640\" alt=\"\" \/>\t\t\t\t\t\t\t\t\t\t\t\t\t\t\t<\/div>\n\t\t\t\t<\/div>\n\t\t\t\t<div class=\"elementor-element elementor-element-0bc9e75 elementor-widget elementor-widget-heading\" data-id=\"0bc9e75\" data-element_type=\"widget\" data-e-type=\"widget\" data-widget_type=\"heading.default\">\n\t\t\t\t<div class=\"elementor-widget-container\">\n\t\t\t\t\t<h3 class=\"elementor-heading-title elementor-size-default\">TSALI Kossi Kpom\u00e9gni<\/h3>\t\t\t\t<\/div>\n\t\t\t\t<\/div>\n\t\t\t\t<div class=\"elementor-element elementor-element-823964f elementor-widget elementor-widget-text-editor\" data-id=\"823964f\" data-element_type=\"widget\" data-e-type=\"widget\" data-widget_type=\"text-editor.default\">\n\t\t\t\t<div class=\"elementor-widget-container\">\n\t\t\t\t\t\t\t\t\t<p>Actuel directeur de la DPSSE (Direction de la planification, des statistiques et du suivi-\u00e9valuation)<\/p>\t\t\t\t\t\t\t\t<\/div>\n\t\t\t\t<\/div>\n\t\t\t\t\t<\/div>\n\t\t<\/div>\n\t\t\t\t\t<\/div>\n\t\t<\/section>\n\t\t\t\t\t<\/div>\n\t\t<\/div>\n\t\t\t\t\t<\/div>\n\t\t<\/section>\n\t\t\t\t<section class=\"elementor-section elementor-top-section elementor-element elementor-element-640e3b4 elementor-section-boxed elementor-section-height-default elementor-section-height-default\" data-id=\"640e3b4\" data-element_type=\"section\" data-e-type=\"section\" data-settings=\"{&quot;background_background&quot;:&quot;classic&quot;}\">\n\t\t\t\t\t\t<div class=\"elementor-container elementor-column-gap-default\">\n\t\t\t\t\t<div class=\"elementor-column elementor-col-100 elementor-top-column elementor-element elementor-element-0eb2aca\" data-id=\"0eb2aca\" data-element_type=\"column\" data-e-type=\"column\">\n\t\t\t<div class=\"elementor-widget-wrap\">\n\t\t\t\t\t\t\t<\/div>\n\t\t<\/div>\n\t\t\t\t\t<\/div>\n\t\t<\/section>\n\t\t\t\t<\/div>\n\t\t","protected":false},"excerpt":{"rendered":"<p>Mot du Directeur de la Direction de la planification, des Statistiques et du Suivi-Evaluation (DPSSE) Les donn\u00e9es sont au c\u0153ur du pilotage et de la gestion des syst\u00e8mes d\u2019\u00e9ducation et de formation. Elles renseignent sur l\u2019\u00e9tat d\u2019un syst\u00e8me \u00e9ducatif ou son \u00e9volution dans le temps. C\u2019est donc sur la base des indicateurs calcul\u00e9s \u00e0 partir [&hellip;]<\/p>\n","protected":false},"author":4,"featured_media":0,"parent":0,"menu_order":0,"comment_status":"closed","ping_status":"closed","template":"","meta":{"_eb_attr":"","footnotes":""},"class_list":["post-2272","page","type-page","status-publish","hentry"],"_links":{"self":[{"href":"https:\/\/planifeducation.gouv.tg\/dpsse\/wp-json\/wp\/v2\/pages\/2272","targetHints":{"allow":["GET"]}}],"collection":[{"href":"https:\/\/planifeducation.gouv.tg\/dpsse\/wp-json\/wp\/v2\/pages"}],"about":[{"href":"https:\/\/planifeducation.gouv.tg\/dpsse\/wp-json\/wp\/v2\/types\/page"}],"author":[{"embeddable":true,"href":"https:\/\/planifeducation.gouv.tg\/dpsse\/wp-json\/wp\/v2\/users\/4"}],"replies":[{"embeddable":true,"href":"https:\/\/planifeducation.gouv.tg\/dpsse\/wp-json\/wp\/v2\/comments?post=2272"}],"version-history":[{"count":122,"href":"https:\/\/planifeducation.gouv.tg\/dpsse\/wp-json\/wp\/v2\/pages\/2272\/revisions"}],"predecessor-version":[{"id":8643,"href":"https:\/\/planifeducation.gouv.tg\/dpsse\/wp-json\/wp\/v2\/pages\/2272\/revisions\/8643"}],"wp:attachment":[{"href":"https:\/\/planifeducation.gouv.tg\/dpsse\/wp-json\/wp\/v2\/media?parent=2272"}],"curies":[{"name":"wp","href":"https:\/\/api.w.org\/{rel}","templated":true}]}}