{"id":1825,"date":"2023-09-22T17:01:24","date_gmt":"2023-09-22T17:01:24","guid":{"rendered":"https:\/\/dpssetg.com\/?page_id=1825"},"modified":"2023-09-22T17:49:39","modified_gmt":"2023-09-22T17:49:39","slug":"tableau-de-bord-des-indicateurs","status":"publish","type":"page","link":"https:\/\/planifeducation.gouv.tg\/dpsse\/tableau-de-bord-des-indicateurs\/","title":{"rendered":"Tableau de bord des indicateurs"},"content":{"rendered":"\t\t<div data-elementor-type=\"wp-page\" data-elementor-id=\"1825\" class=\"elementor elementor-1825\">\n\t\t\t\t\t\t<section class=\"elementor-section elementor-top-section elementor-element elementor-element-de9e553 elementor-section-boxed elementor-section-height-default elementor-section-height-default\" data-id=\"de9e553\" data-element_type=\"section\" data-e-type=\"section\">\n\t\t\t\t\t\t<div class=\"elementor-container elementor-column-gap-default\">\n\t\t\t\t\t<div class=\"elementor-column elementor-col-100 elementor-top-column elementor-element elementor-element-db660ea\" data-id=\"db660ea\" data-element_type=\"column\" data-e-type=\"column\">\n\t\t\t<div class=\"elementor-widget-wrap elementor-element-populated\">\n\t\t\t\t\t\t<div class=\"elementor-element elementor-element-b3c3f4c elementor-widget elementor-widget-wpdmpackages\" data-id=\"b3c3f4c\" data-element_type=\"widget\" data-e-type=\"widget\" data-widget_type=\"wpdmpackages.default\">\n\t\t\t\t<div class=\"elementor-widget-container\">\n\t\t\t\t\t<div class='w3eden'>\n    <div class=''>\n\n        <form method=\"get\" class=\"\" data-container=\"#content_wpdm_package_1\" id=\"sc_form_wpdm_package_1\" style=\"margin-bottom: 15px\">\n    \n            <div class=\"card panel panel-default wpdm-shortcode-toolbar\">\n                <div class=\"card-body panel-body\">\n                    <div class=\"row\">\n                        <div class=\"col-lg-6 col-md-12\">\n                            <input type=\"search\" name=\"skw\" value=\"\" placeholder=\"Rechercher mot-cl\u00e9\u2026\" class=\"form-control\" \/>\n                        <\/div>\n                        <div class=\"col-lg-2 col-md-4\">\n                            <select name=\"orderby\" class=\"wpdm-custom-select custom-select\">\n                                <option value=\"date\" disabled=\"disabled\">Trier par\u00a0:<\/option>\n                                <option value=\"date\" >Date de publication<\/option>\n                                <option value=\"title\" >Titre<\/option>\n                                <option value=\"update_date\" >Date de mise \u00e0 jour<\/option>\n                                <option value=\"downloads\" >T\u00e9l\u00e9chargements<\/option>\n                                <option value=\"views\" >Vues<\/option>\n                            <\/select>\n                        <\/div>\n                        <div class=\"col-lg-2 col-md-4\">\n                            <select name=\"order\" class=\"wpdm-custom-select custom-select\">\n                                <option value=\"desc\" disabled=\"disabled\">Ordre\u00a0:<\/option>\n                                <option value=\"desc\" >D\u00e9croissant<\/option>\n                                <option value=\"asc\" >Croissant<\/option>\n                            <\/select>\n                        <\/div>\n                        <div class=\"col-lg-2 col-md-4\">\n                            <button type=\"submit\" class=\"btn btn-info btn-block\">Appliquer le filtre<\/button>\n                        <\/div>\n                    <\/div>\n                <\/div>\n            <\/div>\n\n            <\/form>\n<div class=\"spacer mb-3 d-block clearfix\"><\/div>\n\n        <div id=\"content_wpdm_package_1\">\n            <div class='row'><div class='col-lg-12 col-md-6 col-12'><!-- WPDM Link Template: Default Template -->\n\n<div class=\"link-template-default card mb-2\">\n    <div class=\"card-body\">\n        <div class=\"media\">\n            <div class=\"mr-3 img-48\"><img decoding=\"async\" class=\"wpdm_icon\" alt=\"Ic\u00f4ne\" src=\"https:\/\/planifeducation.gouv.tg\/wp-content\/plugins\/download-manager\/assets\/file-type-icons\/pdf.svg\" \/><\/div>\n            <div class=\"media-body\">\n                <h3 class=\"package-title\"><a href='https:\/\/planifeducation.gouv.tg\/dpsse\/download\/tableau-de-bord-2024-2025\/'>TABLEAU DE BORD 2024 2025<\/a><\/h3>\n                <div class=\"text-muted text-small\"><i class=\"fas fa-copy\"><\/i> 1 fichier\u00b7s <i class=\"fas fa-hdd ml-3\"><\/i> 2 Mo<\/div>\n            <\/div>\n            <div class=\"ml-3\">\n                <a class='wpdm-download-link download-on-click btn btn-success ' rel='nofollow' href='#' data-downloadurl=\"https:\/\/planifeducation.gouv.tg\/dpsse\/download\/tableau-de-bord-2024-2025\/?wpdmdl=2451&refresh=69ebc0b4a97de1777057972\">T\u00e9l\u00e9charger<\/a>\n            <\/div>\n        <\/div>\n    <\/div>\n<\/div>\n\n<\/div><div class='col-lg-12 col-md-6 col-12'><!-- WPDM Link Template: Default Template -->\n\n<div class=\"link-template-default card mb-2\">\n    <div class=\"card-body\">\n        <div class=\"media\">\n            <div class=\"mr-3 img-48\"><img decoding=\"async\" class=\"wpdm_icon\" alt=\"Ic\u00f4ne\" src=\"https:\/\/planifeducation.gouv.tg\/wp-content\/plugins\/download-manager\/assets\/file-type-icons\/pdf.svg\" \/><\/div>\n            <div class=\"media-body\">\n                <h3 class=\"package-title\"><a href='https:\/\/planifeducation.gouv.tg\/dpsse\/download\/tableau-de-bord-2023-2024\/'>TABLEAU DE BORD 2023 2024<\/a><\/h3>\n                <div class=\"text-muted text-small\"><i class=\"fas fa-copy\"><\/i> 1 fichier\u00b7s <i class=\"fas fa-hdd ml-3\"><\/i> 2.02 MB<\/div>\n            <\/div>\n            <div class=\"ml-3\">\n                <a class='wpdm-download-link download-on-click btn btn-success ' rel='nofollow' href='#' data-downloadurl=\"https:\/\/planifeducation.gouv.tg\/dpsse\/download\/tableau-de-bord-2023-2024\/?wpdmdl=2255&refresh=69ebc0b4ab2f51777057972\">T\u00e9l\u00e9charger<\/a>\n            <\/div>\n        <\/div>\n    <\/div>\n<\/div>\n\n<\/div><div class='col-lg-12 col-md-6 col-12'><!-- WPDM Link Template: Default Template -->\n\n<div class=\"link-template-default card mb-2\">\n    <div class=\"card-body\">\n        <div class=\"media\">\n            <div class=\"mr-3 img-48\"><img decoding=\"async\" class=\"wpdm_icon\" alt=\"Ic\u00f4ne\" src=\"https:\/\/planifeducation.gouv.tg\/wp-content\/plugins\/download-manager\/assets\/file-type-icons\/pdf.svg\" \/><\/div>\n            <div class=\"media-body\">\n                <h3 class=\"package-title\"><a href='https:\/\/planifeducation.gouv.tg\/dpsse\/download\/tableau-de-bord-2019_2020\/'>Tableau De Bord 2022_2023<\/a><\/h3>\n                <div class=\"text-muted text-small\"><i class=\"fas fa-copy\"><\/i> 1 fichier\u00b7s <i class=\"fas fa-hdd ml-3\"><\/i> 1.71 MB<\/div>\n            <\/div>\n            <div class=\"ml-3\">\n                <a class='wpdm-download-link download-on-click btn btn-success ' rel='nofollow' href='#' data-downloadurl=\"https:\/\/planifeducation.gouv.tg\/dpsse\/download\/tableau-de-bord-2019_2020\/?wpdmdl=1927&refresh=69ebc0b4ad1e41777057972\">T\u00e9l\u00e9charger<\/a>\n            <\/div>\n        <\/div>\n    <\/div>\n<\/div>\n\n<\/div><div class='col-lg-12 col-md-6 col-12'><!-- WPDM Link Template: Default Template -->\n\n<div class=\"link-template-default card mb-2\">\n    <div class=\"card-body\">\n        <div class=\"media\">\n            <div class=\"mr-3 img-48\"><img decoding=\"async\" class=\"wpdm_icon\" alt=\"Ic\u00f4ne\" src=\"https:\/\/planifeducation.gouv.tg\/wp-content\/plugins\/download-manager\/assets\/file-type-icons\/pdf.svg\" \/><\/div>\n            <div class=\"media-body\">\n                <h3 class=\"package-title\"><a href='https:\/\/planifeducation.gouv.tg\/dpsse\/download\/tableau-de-bord-2019-2020\/'>Tableau De Bord 2019_2020<\/a><\/h3>\n                <div class=\"text-muted text-small\"><i class=\"fas fa-copy\"><\/i> 1 fichier\u00b7s <i class=\"fas fa-hdd ml-3\"><\/i> 1.71 MB<\/div>\n            <\/div>\n            <div class=\"ml-3\">\n                <a class='wpdm-download-link download-on-click btn btn-success ' rel='nofollow' href='#' data-downloadurl=\"https:\/\/planifeducation.gouv.tg\/dpsse\/download\/tableau-de-bord-2019-2020\/?wpdmdl=1045&refresh=69ebc0b4aebe01777057972\">T\u00e9l\u00e9charger<\/a>\n            <\/div>\n        <\/div>\n    <\/div>\n<\/div>\n\n<\/div><div class='col-lg-12 col-md-6 col-12'><!-- WPDM Link Template: Default Template -->\n\n<div class=\"link-template-default card mb-2\">\n    <div class=\"card-body\">\n        <div class=\"media\">\n            <div class=\"mr-3 img-48\"><img decoding=\"async\" class=\"wpdm_icon\" alt=\"Ic\u00f4ne\" src=\"https:\/\/planifeducation.gouv.tg\/wp-content\/plugins\/download-manager\/assets\/file-type-icons\/pdf.svg\" \/><\/div>\n            <div class=\"media-body\">\n                <h3 class=\"package-title\"><a href='https:\/\/planifeducation.gouv.tg\/dpsse\/download\/tableau-de-bord-2021-2022\/'>Tableau De Bord 2021_2022<\/a><\/h3>\n                <div class=\"text-muted text-small\"><i class=\"fas fa-copy\"><\/i> 1 fichier\u00b7s <i class=\"fas fa-hdd ml-3\"><\/i> 1.83 MB<\/div>\n            <\/div>\n            <div class=\"ml-3\">\n                <a class='wpdm-download-link download-on-click btn btn-success ' rel='nofollow' href='#' data-downloadurl=\"https:\/\/planifeducation.gouv.tg\/dpsse\/download\/tableau-de-bord-2021-2022\/?wpdmdl=1043&refresh=69ebc0b4b01891777057972\">T\u00e9l\u00e9charger<\/a>\n            <\/div>\n        <\/div>\n    <\/div>\n<\/div>\n\n<\/div><div class='col-lg-12 col-md-6 col-12'><!-- WPDM Link Template: Default Template -->\n\n<div class=\"link-template-default card mb-2\">\n    <div class=\"card-body\">\n        <div class=\"media\">\n            <div class=\"mr-3 img-48\"><img decoding=\"async\" class=\"wpdm_icon\" alt=\"Ic\u00f4ne\" src=\"https:\/\/planifeducation.gouv.tg\/wp-content\/plugins\/download-manager\/assets\/file-type-icons\/pdf.svg\" \/><\/div>\n            <div class=\"media-body\">\n                <h3 class=\"package-title\"><a href='https:\/\/planifeducation.gouv.tg\/dpsse\/download\/tableau-de-bord-2020-2021\/'>Tableau De Bord 2020_2021<\/a><\/h3>\n                <div class=\"text-muted text-small\"><i class=\"fas fa-copy\"><\/i> 1 fichier\u00b7s <i class=\"fas fa-hdd ml-3\"><\/i> 1.65 MB<\/div>\n            <\/div>\n            <div class=\"ml-3\">\n                <a class='wpdm-download-link download-on-click btn btn-success ' rel='nofollow' href='#' data-downloadurl=\"https:\/\/planifeducation.gouv.tg\/dpsse\/download\/tableau-de-bord-2020-2021\/?wpdmdl=1041&refresh=69ebc0b4b16a91777057972\">T\u00e9l\u00e9charger<\/a>\n            <\/div>\n        <\/div>\n    <\/div>\n<\/div>\n\n<\/div><\/div>            <div style='clear:both'><\/div><div class='text-center'><ul class='pagination wpdm-pagination pagination-centered text-center'><li><span aria-current=\"page\" class=\"page-numbers current\">1<\/span><\/li><li><a data-container='#content_wpdm_package_1' class=\"page-numbers\" href=\"https:\/\/planifeducation.gouv.tg\/dpsse\/wp-json\/wp\/v2\/pages\/1825\/?cp=2\">2<\/a><\/li><li><a data-container='#content_wpdm_package_1' class=\"next page-numbers\" href=\"https:\/\/planifeducation.gouv.tg\/dpsse\/wp-json\/wp\/v2\/pages\/1825\/?cp=2\"> <i style=\"display: inline-block;width: 8px;height: 8px;border-right: 2px solid;border-top: 2px solid;transform: rotate(45deg);margin-left: -2px;margin-top: -2px;\"><\/i> <\/a><\/li><\/ul><\/div><div style='clear:both'><\/div>        <\/div>\n\n        <div style='clear:both'><\/div>\n    <\/div>\n<\/div>\n\t\t\t\t<\/div>\n\t\t\t\t<\/div>\n\t\t\t\t\t<\/div>\n\t\t<\/div>\n\t\t\t\t\t<\/div>\n\t\t<\/section>\n\t\t\t\t<\/div>\n\t\t","protected":false},"excerpt":{"rendered":"<p>Trier par\u00a0:Date de publicationTitreDate de mise \u00e0 jourT\u00e9l\u00e9chargementsVues Ordre\u00a0:D\u00e9croissantCroissant Appliquer le filtre Tableau De Bord 2019_2020 1 fichier\u00b7s 1.71 MB T\u00e9l\u00e9charger Tableau De Bord 2021_2022 1 fichier\u00b7s 1.83 MB T\u00e9l\u00e9charger Tableau De Bord 2020_2021 1 fichier\u00b7s 1.65 MB T\u00e9l\u00e9charger Tableau De Bord 2018_2019 1 fichier\u00b7s 1.68 MB T\u00e9l\u00e9charger Tableau De Bord 2017_2018 1 fichier\u00b7s 923.49 [&hellip;]<\/p>\n","protected":false},"author":3,"featured_media":0,"parent":0,"menu_order":0,"comment_status":"closed","ping_status":"closed","template":"","meta":{"_eb_attr":"","footnotes":""},"class_list":["post-1825","page","type-page","status-publish","hentry"],"_links":{"self":[{"href":"https:\/\/planifeducation.gouv.tg\/dpsse\/wp-json\/wp\/v2\/pages\/1825","targetHints":{"allow":["GET"]}}],"collection":[{"href":"https:\/\/planifeducation.gouv.tg\/dpsse\/wp-json\/wp\/v2\/pages"}],"about":[{"href":"https:\/\/planifeducation.gouv.tg\/dpsse\/wp-json\/wp\/v2\/types\/page"}],"author":[{"embeddable":true,"href":"https:\/\/planifeducation.gouv.tg\/dpsse\/wp-json\/wp\/v2\/users\/3"}],"replies":[{"embeddable":true,"href":"https:\/\/planifeducation.gouv.tg\/dpsse\/wp-json\/wp\/v2\/comments?post=1825"}],"version-history":[{"count":4,"href":"https:\/\/planifeducation.gouv.tg\/dpsse\/wp-json\/wp\/v2\/pages\/1825\/revisions"}],"predecessor-version":[{"id":1855,"href":"https:\/\/planifeducation.gouv.tg\/dpsse\/wp-json\/wp\/v2\/pages\/1825\/revisions\/1855"}],"wp:attachment":[{"href":"https:\/\/planifeducation.gouv.tg\/dpsse\/wp-json\/wp\/v2\/media?parent=1825"}],"curies":[{"name":"wp","href":"https:\/\/api.w.org\/{rel}","templated":true}]}}