{"id":1745,"date":"2023-09-07T08:49:40","date_gmt":"2023-09-07T08:49:40","guid":{"rendered":"https:\/\/dpssetg.com\/?page_id=1745"},"modified":"2023-09-09T20:07:42","modified_gmt":"2023-09-09T20:07:42","slug":"article-2-taux-de-redoublement-au-primaire","status":"publish","type":"page","link":"https:\/\/planifeducation.gouv.tg\/dpsse\/article-2-taux-de-redoublement-au-primaire\/","title":{"rendered":"Taux de redoublement au primaire"},"content":{"rendered":"\n<figure class=\"wp-block-image size-full\"><img fetchpriority=\"high\" decoding=\"async\" width=\"826\" height=\"437\" src=\"https:\/\/dpssetg.com\/wp-content\/uploads\/2023\/09\/2Capture.png\" alt=\"\" class=\"wp-image-1728\" srcset=\"https:\/\/planifeducation.gouv.tg\/wp-content\/uploads\/2023\/09\/2Capture.png 826w, https:\/\/planifeducation.gouv.tg\/wp-content\/uploads\/2023\/09\/2Capture-300x159.png 300w, https:\/\/planifeducation.gouv.tg\/wp-content\/uploads\/2023\/09\/2Capture-768x406.png 768w\" sizes=\"(max-width: 826px) 100vw, 826px\" \/><\/figure>\n\n\n\n<p>Le redoublement est un ph\u00e9nom\u00e8ne qui influence l\u2019efficacit\u00e9 interne d\u2019un syst\u00e8me \u00e9ducatif. Quel qu\u2019il soit, le redoublement fait gaspiller des ressources d\u2019\u00e9ducation.<br>Dans l\u2019enseignement primaire, le taux de redoublement a poursuivi dans l\u2019ensemble, sa tendance baissi\u00e8re constat\u00e9e ces derni\u00e8res ann\u00e9es. Il est pass\u00e9 de 7,6% \u00e0 3,9% sur la p\u00e9riode 2015-2016 \u00e0 2021-2022. <br>On note que les redoublements sont encore relativement plus forts \u00e0 la sortie des sous cycles, notamment au CP2, CE2 et CM2.<\/p>\n","protected":false},"excerpt":{"rendered":"<p>Le redoublement est un ph\u00e9nom\u00e8ne qui influence l\u2019efficacit\u00e9 interne d\u2019un syst\u00e8me \u00e9ducatif. Quel qu\u2019il soit, le redoublement fait gaspiller des ressources d\u2019\u00e9ducation.Dans l\u2019enseignement primaire, le taux de redoublement a poursuivi dans l\u2019ensemble, sa tendance baissi\u00e8re constat\u00e9e ces derni\u00e8res ann\u00e9es. Il est pass\u00e9 de 7,6% \u00e0 3,9% sur la p\u00e9riode 2015-2016 \u00e0 2021-2022. On note que [&hellip;]<\/p>\n","protected":false},"author":3,"featured_media":0,"parent":0,"menu_order":0,"comment_status":"closed","ping_status":"closed","template":"","meta":{"_eb_attr":"","footnotes":""},"class_list":["post-1745","page","type-page","status-publish","hentry"],"_links":{"self":[{"href":"https:\/\/planifeducation.gouv.tg\/dpsse\/wp-json\/wp\/v2\/pages\/1745","targetHints":{"allow":["GET"]}}],"collection":[{"href":"https:\/\/planifeducation.gouv.tg\/dpsse\/wp-json\/wp\/v2\/pages"}],"about":[{"href":"https:\/\/planifeducation.gouv.tg\/dpsse\/wp-json\/wp\/v2\/types\/page"}],"author":[{"embeddable":true,"href":"https:\/\/planifeducation.gouv.tg\/dpsse\/wp-json\/wp\/v2\/users\/3"}],"replies":[{"embeddable":true,"href":"https:\/\/planifeducation.gouv.tg\/dpsse\/wp-json\/wp\/v2\/comments?post=1745"}],"version-history":[{"count":4,"href":"https:\/\/planifeducation.gouv.tg\/dpsse\/wp-json\/wp\/v2\/pages\/1745\/revisions"}],"predecessor-version":[{"id":1786,"href":"https:\/\/planifeducation.gouv.tg\/dpsse\/wp-json\/wp\/v2\/pages\/1745\/revisions\/1786"}],"wp:attachment":[{"href":"https:\/\/planifeducation.gouv.tg\/dpsse\/wp-json\/wp\/v2\/media?parent=1745"}],"curies":[{"name":"wp","href":"https:\/\/api.w.org\/{rel}","templated":true}]}}