{"id":16,"date":"2023-02-13T10:55:47","date_gmt":"2023-02-13T09:55:47","guid":{"rendered":"http:\/\/dpssetg.com\/?page_id=16"},"modified":"2023-10-03T22:48:07","modified_gmt":"2023-10-03T22:48:07","slug":"donnees-statistiques","status":"publish","type":"page","link":"https:\/\/planifeducation.gouv.tg\/dpsse\/donnees-statistiques\/","title":{"rendered":"Donn\u00e9es statistiques"},"content":{"rendered":"\t\t<div data-elementor-type=\"wp-page\" data-elementor-id=\"16\" class=\"elementor elementor-16\">\n\t\t\t\t\t\t<section class=\"elementor-section elementor-top-section elementor-element elementor-element-2d70331 elementor-section-boxed elementor-section-height-default elementor-section-height-default\" data-id=\"2d70331\" data-element_type=\"section\" data-e-type=\"section\">\n\t\t\t\t\t\t<div class=\"elementor-container elementor-column-gap-default\">\n\t\t\t\t\t<div class=\"elementor-column elementor-col-100 elementor-top-column elementor-element elementor-element-642ecec\" data-id=\"642ecec\" data-element_type=\"column\" data-e-type=\"column\">\n\t\t\t<div class=\"elementor-widget-wrap elementor-element-populated\">\n\t\t\t\t\t\t<section class=\"elementor-section elementor-inner-section elementor-element elementor-element-ff8f657 elementor-section-boxed elementor-section-height-default elementor-section-height-default\" data-id=\"ff8f657\" data-element_type=\"section\" data-e-type=\"section\">\n\t\t\t\t\t\t<div class=\"elementor-container elementor-column-gap-default\">\n\t\t\t\t\t<div class=\"elementor-column elementor-col-100 elementor-inner-column elementor-element elementor-element-eea9e60\" data-id=\"eea9e60\" data-element_type=\"column\" data-e-type=\"column\">\n\t\t\t<div class=\"elementor-widget-wrap elementor-element-populated\">\n\t\t\t\t\t\t<div class=\"elementor-element elementor-element-9b888c8 elementor-widget elementor-widget-heading\" data-id=\"9b888c8\" data-element_type=\"widget\" data-e-type=\"widget\" data-widget_type=\"heading.default\">\n\t\t\t\t<div class=\"elementor-widget-container\">\n\t\t\t\t\t<h4 class=\"elementor-heading-title elementor-size-default\">Recherche par mot cl\u00e9s <\/h4>\t\t\t\t<\/div>\n\t\t\t\t<\/div>\n\t\t\t\t\t<\/div>\n\t\t<\/div>\n\t\t\t\t\t<\/div>\n\t\t<\/section>\n\t\t\t\t<div class=\"elementor-element elementor-element-6fdf512 elementor-widget elementor-widget-wpdmpackages\" data-id=\"6fdf512\" data-element_type=\"widget\" data-e-type=\"widget\" data-widget_type=\"wpdmpackages.default\">\n\t\t\t\t<div class=\"elementor-widget-container\">\n\t\t\t\t\t<div class='w3eden'>\n    <div class=''>\n\n        <form method=\"get\" class=\"\" data-container=\"#content_wpdm_package_1\" id=\"sc_form_wpdm_package_1\" style=\"margin-bottom: 15px\">\n    \n            <div class=\"card panel panel-default wpdm-shortcode-toolbar\">\n                <div class=\"card-body panel-body\">\n                    <div class=\"row\">\n                        <div class=\"col-lg-6 col-md-12\">\n                            <input type=\"search\" name=\"skw\" value=\"\" placeholder=\"Rechercher mot-cl\u00e9\u2026\" class=\"form-control\" \/>\n                        <\/div>\n                        <div class=\"col-lg-2 col-md-4\">\n                            <select name=\"orderby\" class=\"wpdm-custom-select custom-select\">\n                                <option value=\"date\" disabled=\"disabled\">Trier par\u00a0:<\/option>\n                                <option value=\"date\" >Date de publication<\/option>\n                                <option value=\"title\" >Titre<\/option>\n                                <option value=\"update_date\" >Date de mise \u00e0 jour<\/option>\n                                <option value=\"downloads\" >T\u00e9l\u00e9chargements<\/option>\n                                <option value=\"views\" >Vues<\/option>\n                            <\/select>\n                        <\/div>\n                        <div class=\"col-lg-2 col-md-4\">\n                            <select name=\"order\" class=\"wpdm-custom-select custom-select\">\n                                <option value=\"desc\" disabled=\"disabled\">Ordre\u00a0:<\/option>\n                                <option value=\"desc\" >D\u00e9croissant<\/option>\n                                <option value=\"asc\" >Croissant<\/option>\n                            <\/select>\n                        <\/div>\n                        <div class=\"col-lg-2 col-md-4\">\n                            <button type=\"submit\" class=\"btn btn-info btn-block\">Appliquer le filtre<\/button>\n                        <\/div>\n                    <\/div>\n                <\/div>\n            <\/div>\n\n            <\/form>\n<div class=\"spacer mb-3 d-block clearfix\"><\/div>\n\n        <div id=\"content_wpdm_package_1\">\n            <div class='row'><div class='col-lg-12 col-md-6 col-12'><!-- WPDM Link Template: Default Template -->\n\n<div class=\"link-template-default card mb-2\">\n    <div class=\"card-body\">\n        <div class=\"media\">\n            <div class=\"mr-3 img-48\"><img decoding=\"async\" class=\"wpdm_icon\" alt=\"Ic\u00f4ne\" src=\"https:\/\/planifeducation.gouv.tg\/wp-content\/plugins\/download-manager\/assets\/file-type-icons\/pdf.svg\" \/><\/div>\n            <div class=\"media-body\">\n                <h3 class=\"package-title\"><a href='https:\/\/planifeducation.gouv.tg\/dpsse\/download\/rapport-danalyse-2024-2025\/'>RAPPORT D'ANALYSE 2024 2025<\/a><\/h3>\n                <div class=\"text-muted text-small\"><i class=\"fas fa-copy\"><\/i> 1 fichier\u00b7s <i class=\"fas fa-hdd ml-3\"><\/i> 2 Mo<\/div>\n            <\/div>\n            <div class=\"ml-3\">\n                <a class='wpdm-download-link download-on-click btn btn-success ' rel='nofollow' href='#' data-downloadurl=\"https:\/\/planifeducation.gouv.tg\/dpsse\/download\/rapport-danalyse-2024-2025\/?wpdmdl=2452&refresh=69e403f0930071776550896\">T\u00e9l\u00e9charger<\/a>\n            <\/div>\n        <\/div>\n    <\/div>\n<\/div>\n\n<\/div><div class='col-lg-12 col-md-6 col-12'><!-- WPDM Link Template: Default Template -->\n\n<div class=\"link-template-default card mb-2\">\n    <div class=\"card-body\">\n        <div class=\"media\">\n            <div class=\"mr-3 img-48\"><img decoding=\"async\" class=\"wpdm_icon\" alt=\"Ic\u00f4ne\" src=\"https:\/\/planifeducation.gouv.tg\/wp-content\/plugins\/download-manager\/assets\/file-type-icons\/pdf.svg\" \/><\/div>\n            <div class=\"media-body\">\n                <h3 class=\"package-title\"><a href='https:\/\/planifeducation.gouv.tg\/dpsse\/download\/tableau-de-bord-2024-2025\/'>TABLEAU DE BORD 2024 2025<\/a><\/h3>\n                <div class=\"text-muted text-small\"><i class=\"fas fa-copy\"><\/i> 1 fichier\u00b7s <i class=\"fas fa-hdd ml-3\"><\/i> 2 Mo<\/div>\n            <\/div>\n            <div class=\"ml-3\">\n                <a class='wpdm-download-link download-on-click btn btn-success ' rel='nofollow' href='#' data-downloadurl=\"https:\/\/planifeducation.gouv.tg\/dpsse\/download\/tableau-de-bord-2024-2025\/?wpdmdl=2451&refresh=69e403f094c861776550896\">T\u00e9l\u00e9charger<\/a>\n            <\/div>\n        <\/div>\n    <\/div>\n<\/div>\n\n<\/div><div class='col-lg-12 col-md-6 col-12'><!-- WPDM Link Template: Default Template -->\n\n<div class=\"link-template-default card mb-2\">\n    <div class=\"card-body\">\n        <div class=\"media\">\n            <div class=\"mr-3 img-48\"><img decoding=\"async\" class=\"wpdm_icon\" alt=\"Ic\u00f4ne\" src=\"https:\/\/planifeducation.gouv.tg\/wp-content\/plugins\/download-manager\/assets\/file-type-icons\/pdf.svg\" \/><\/div>\n            <div class=\"media-body\">\n                <h3 class=\"package-title\"><a href='https:\/\/planifeducation.gouv.tg\/dpsse\/download\/annuaire-national-2024-2025\/'>ANNUAIRE NATIONAL 2024 2025<\/a><\/h3>\n                <div class=\"text-muted text-small\"><i class=\"fas fa-copy\"><\/i> 1 fichier\u00b7s <i class=\"fas fa-hdd ml-3\"><\/i> 10 Mo<\/div>\n            <\/div>\n            <div class=\"ml-3\">\n                <a class='wpdm-download-link download-on-click btn btn-success ' rel='nofollow' href='#' data-downloadurl=\"https:\/\/planifeducation.gouv.tg\/dpsse\/download\/annuaire-national-2024-2025\/?wpdmdl=2450&refresh=69e403f0961ae1776550896\">T\u00e9l\u00e9charger<\/a>\n            <\/div>\n        <\/div>\n    <\/div>\n<\/div>\n\n<\/div><div class='col-lg-12 col-md-6 col-12'><!-- WPDM Link Template: Default Template -->\n\n<div class=\"link-template-default card mb-2\">\n    <div class=\"card-body\">\n        <div class=\"media\">\n            <div class=\"mr-3 img-48\"><img decoding=\"async\" class=\"wpdm_icon\" alt=\"Ic\u00f4ne\" src=\"https:\/\/planifeducation.gouv.tg\/wp-content\/plugins\/download-manager\/assets\/file-type-icons\/pdf.svg\" \/><\/div>\n            <div class=\"media-body\">\n                <h3 class=\"package-title\"><a href='https:\/\/planifeducation.gouv.tg\/dpsse\/download\/tableau-de-bord-2023-2024\/'>TABLEAU DE BORD 2023 2024<\/a><\/h3>\n                <div class=\"text-muted text-small\"><i class=\"fas fa-copy\"><\/i> 1 fichier\u00b7s <i class=\"fas fa-hdd ml-3\"><\/i> 2.02 MB<\/div>\n            <\/div>\n            <div class=\"ml-3\">\n                <a class='wpdm-download-link download-on-click btn btn-success ' rel='nofollow' href='#' data-downloadurl=\"https:\/\/planifeducation.gouv.tg\/dpsse\/download\/tableau-de-bord-2023-2024\/?wpdmdl=2255&refresh=69e403f0975d71776550896\">T\u00e9l\u00e9charger<\/a>\n            <\/div>\n        <\/div>\n    <\/div>\n<\/div>\n\n<\/div><div class='col-lg-12 col-md-6 col-12'><!-- WPDM Link Template: Default Template -->\n\n<div class=\"link-template-default card mb-2\">\n    <div class=\"card-body\">\n        <div class=\"media\">\n            <div class=\"mr-3 img-48\"><img decoding=\"async\" class=\"wpdm_icon\" alt=\"Ic\u00f4ne\"   src=\"https:\/\/planifeducation.gouv.tg\/wp-content\/plugins\/download-manager\/assets\/file-type-icons\/pdf.svg\" \/><\/div>\n            <div class=\"media-body\">\n                <h3 class=\"package-title\"><a href='https:\/\/planifeducation.gouv.tg\/dpsse\/download\/annuaire-national-2023-2024\/'>ANNUAIRE NATIONAL 2023 2024<\/a><\/h3>\n                <div class=\"text-muted text-small\"><i class=\"fas fa-copy\"><\/i> 1 fichier\u00b7s <i class=\"fas fa-hdd ml-3\"><\/i> 10 Mo<\/div>\n            <\/div>\n            <div class=\"ml-3\">\n                <a class='wpdm-download-link download-on-click btn btn-success ' rel='nofollow' href='#' data-downloadurl=\"https:\/\/planifeducation.gouv.tg\/dpsse\/download\/annuaire-national-2023-2024\/?wpdmdl=2253&refresh=69e403f0988101776550896\">T\u00e9l\u00e9charger<\/a>\n            <\/div>\n        <\/div>\n    <\/div>\n<\/div>\n\n<\/div><div class='col-lg-12 col-md-6 col-12'><!-- WPDM Link Template: Default Template -->\n\n<div class=\"link-template-default card mb-2\">\n    <div class=\"card-body\">\n        <div class=\"media\">\n            <div class=\"mr-3 img-48\"><img decoding=\"async\" class=\"wpdm_icon\" alt=\"Ic\u00f4ne\"   src=\"https:\/\/planifeducation.gouv.tg\/wp-content\/plugins\/download-manager\/assets\/file-type-icons\/pdf.svg\" \/><\/div>\n            <div class=\"media-body\">\n                <h3 class=\"package-title\"><a href='https:\/\/planifeducation.gouv.tg\/dpsse\/download\/rapport-danalyse-2023-2024\/'>RAPPORT D'ANALYSE 2023 2024<\/a><\/h3>\n                <div class=\"text-muted text-small\"><i class=\"fas fa-copy\"><\/i> 1 fichier\u00b7s <i class=\"fas fa-hdd ml-3\"><\/i> 2 Mo<\/div>\n            <\/div>\n            <div class=\"ml-3\">\n                <a class='wpdm-download-link download-on-click btn btn-success ' rel='nofollow' href='#' data-downloadurl=\"https:\/\/planifeducation.gouv.tg\/dpsse\/download\/rapport-danalyse-2023-2024\/?wpdmdl=2251&refresh=69e403f099ad21776550896\">T\u00e9l\u00e9charger<\/a>\n            <\/div>\n        <\/div>\n    <\/div>\n<\/div>\n\n<\/div><\/div>            <div style='clear:both'><\/div><div class='text-center'><ul class='pagination wpdm-pagination pagination-centered text-center'><li><span aria-current=\"page\" class=\"page-numbers current\">1<\/span><\/li><li><a data-container='#content_wpdm_package_1' class=\"page-numbers\" href=\"https:\/\/planifeducation.gouv.tg\/dpsse\/wp-json\/wp\/v2\/pages\/16\/?cp=2\">2<\/a><\/li><li><a data-container='#content_wpdm_package_1' class=\"page-numbers\" href=\"https:\/\/planifeducation.gouv.tg\/dpsse\/wp-json\/wp\/v2\/pages\/16\/?cp=3\">3<\/a><\/li><li><a data-container='#content_wpdm_package_1' class=\"page-numbers\" href=\"https:\/\/planifeducation.gouv.tg\/dpsse\/wp-json\/wp\/v2\/pages\/16\/?cp=4\">4<\/a><\/li><li><a data-container='#content_wpdm_package_1' class=\"page-numbers\" href=\"https:\/\/planifeducation.gouv.tg\/dpsse\/wp-json\/wp\/v2\/pages\/16\/?cp=5\">5<\/a><\/li><li><a data-container='#content_wpdm_package_1' class=\"next page-numbers\" href=\"https:\/\/planifeducation.gouv.tg\/dpsse\/wp-json\/wp\/v2\/pages\/16\/?cp=2\"> <i style=\"display: inline-block;width: 8px;height: 8px;border-right: 2px solid;border-top: 2px solid;transform: rotate(45deg);margin-left: -2px;margin-top: -2px;\"><\/i> <\/a><\/li><\/ul><\/div><div style='clear:both'><\/div>        <\/div>\n\n        <div style='clear:both'><\/div>\n    <\/div>\n<\/div>\n\t\t\t\t<\/div>\n\t\t\t\t<\/div>\n\t\t\t\t\t<\/div>\n\t\t<\/div>\n\t\t\t\t\t<\/div>\n\t\t<\/section>\n\t\t\t\t<\/div>\n\t\t","protected":false},"excerpt":{"rendered":"<p>Recherche par mot cl\u00e9s Trier par\u00a0:Date de publicationTitreDate de mise \u00e0 jourT\u00e9l\u00e9chargementsVues Ordre\u00a0:D\u00e9croissantCroissant Appliquer le filtre Tableau De Bord 2022_2023 1 fichier\u00b7s 1.71 MB T\u00e9l\u00e9charger SAVANES 1 fichier\u00b7s 797.77 KB T\u00e9l\u00e9charger KARA 1 fichier\u00b7s 819.54 KB T\u00e9l\u00e9charger CENTRALE 1 fichier\u00b7s 812.33 KB T\u00e9l\u00e9charger PLATEAUX_OUEST 1 fichier\u00b7s 819.26 KB T\u00e9l\u00e9charger PLATEAUX_EST 1 fichier\u00b7s 835.43 KB T\u00e9l\u00e9charger [&hellip;]<\/p>\n","protected":false},"author":1,"featured_media":0,"parent":0,"menu_order":0,"comment_status":"closed","ping_status":"closed","template":"","meta":{"_eb_attr":"","footnotes":""},"class_list":["post-16","page","type-page","status-publish","hentry"],"_links":{"self":[{"href":"https:\/\/planifeducation.gouv.tg\/dpsse\/wp-json\/wp\/v2\/pages\/16","targetHints":{"allow":["GET"]}}],"collection":[{"href":"https:\/\/planifeducation.gouv.tg\/dpsse\/wp-json\/wp\/v2\/pages"}],"about":[{"href":"https:\/\/planifeducation.gouv.tg\/dpsse\/wp-json\/wp\/v2\/types\/page"}],"author":[{"embeddable":true,"href":"https:\/\/planifeducation.gouv.tg\/dpsse\/wp-json\/wp\/v2\/users\/1"}],"replies":[{"embeddable":true,"href":"https:\/\/planifeducation.gouv.tg\/dpsse\/wp-json\/wp\/v2\/comments?post=16"}],"version-history":[{"count":150,"href":"https:\/\/planifeducation.gouv.tg\/dpsse\/wp-json\/wp\/v2\/pages\/16\/revisions"}],"predecessor-version":[{"id":2233,"href":"https:\/\/planifeducation.gouv.tg\/dpsse\/wp-json\/wp\/v2\/pages\/16\/revisions\/2233"}],"wp:attachment":[{"href":"https:\/\/planifeducation.gouv.tg\/dpsse\/wp-json\/wp\/v2\/media?parent=16"}],"curies":[{"name":"wp","href":"https:\/\/api.w.org\/{rel}","templated":true}]}}